{"id":1563,"date":"2024-04-18T12:06:20","date_gmt":"2024-04-18T12:06:20","guid":{"rendered":"https:\/\/cantuesocottages.com\/?page_id=1563"},"modified":"2024-04-18T12:07:53","modified_gmt":"2024-04-18T12:07:53","slug":"your-event-at-cantueso","status":"publish","type":"page","link":"https:\/\/cantuesocottages.com\/de\/cottages\/events\/your-event-at-cantueso\/","title":{"rendered":"Ihre Veranstaltung im Cantueso"},"content":{"rendered":"\t\t<div data-elementor-type=\"wp-page\" data-elementor-id=\"1563\" class=\"elementor elementor-1563\" data-elementor-post-type=\"page\">\n\t\t\t\t<div class=\"elementor-element elementor-element-60e0838 e-flex e-con-boxed e-con e-parent\" data-id=\"60e0838\" data-element_type=\"container\" data-e-type=\"container\" data-settings=\"{&quot;background_background&quot;:&quot;classic&quot;}\">\n\t\t\t\t\t<div class=\"e-con-inner\">\n\t\t\t\t<div class=\"elementor-element elementor-element-c84f7d2 elementor-widget elementor-widget-heading\" data-id=\"c84f7d2\" data-element_type=\"widget\" data-e-type=\"widget\" data-widget_type=\"heading.default\">\n\t\t\t\t<div class=\"elementor-widget-container\">\n\t\t\t\t\t<h1 class=\"elementor-heading-title elementor-size-default\">Your event at Cantueso<\/h1>\t\t\t\t<\/div>\n\t\t\t\t<\/div>\n\t\t\t\t<div class=\"elementor-element elementor-element-8141fc5 elementor-widget elementor-widget-heading\" data-id=\"8141fc5\" data-element_type=\"widget\" data-e-type=\"widget\" data-widget_type=\"heading.default\">\n\t\t\t\t<div class=\"elementor-widget-container\">\n\t\t\t\t\t<h2 class=\"elementor-heading-title elementor-size-default\">Would you like to celebrate your birthday or another special celebration? <br \/>We would love to have you here! <\/h2>\t\t\t\t<\/div>\n\t\t\t\t<\/div>\n\t\t\t\t\t<\/div>\n\t\t\t\t<\/div>\n\t\t<div class=\"elementor-element elementor-element-d34cbc5 e-flex e-con-boxed e-con e-parent\" data-id=\"d34cbc5\" data-element_type=\"container\" data-e-type=\"container\">\n\t\t\t\t\t<div class=\"e-con-inner\">\n\t\t\t\t<div class=\"elementor-element elementor-element-1f23e36 elementor-widget elementor-widget-shortcode\" data-id=\"1f23e36\" data-element_type=\"widget\" data-e-type=\"widget\" data-widget_type=\"shortcode.default\">\n\t\t\t\t<div class=\"elementor-widget-container\">\n\t\t\t\t\t\t\t<div class=\"elementor-shortcode\"><script type=\"text\/javascript\">\n\/* <![CDATA[ *\/\nvar gform;gform||(document.addEventListener(\"gform_main_scripts_loaded\",function(){gform.scriptsLoaded=!0}),document.addEventListener(\"gform\/theme\/scripts_loaded\",function(){gform.themeScriptsLoaded=!0}),window.addEventListener(\"DOMContentLoaded\",function(){gform.domLoaded=!0}),gform={domLoaded:!1,scriptsLoaded:!1,themeScriptsLoaded:!1,isFormEditor:()=>\"function\"==typeof InitializeEditor,callIfLoaded:function(o){return!(!gform.domLoaded||!gform.scriptsLoaded||!gform.themeScriptsLoaded&&!gform.isFormEditor()||(gform.isFormEditor()&&console.warn(\"The use of gform.initializeOnLoaded() is deprecated in the form editor context and will be removed in Gravity Forms 3.1.\"),o(),0))},initializeOnLoaded:function(o){gform.callIfLoaded(o)||(document.addEventListener(\"gform_main_scripts_loaded\",()=>{gform.scriptsLoaded=!0,gform.callIfLoaded(o)}),document.addEventListener(\"gform\/theme\/scripts_loaded\",()=>{gform.themeScriptsLoaded=!0,gform.callIfLoaded(o)}),window.addEventListener(\"DOMContentLoaded\",()=>{gform.domLoaded=!0,gform.callIfLoaded(o)}))},hooks:{action:{},filter:{}},addAction:function(o,r,e,t){gform.addHook(\"action\",o,r,e,t)},addFilter:function(o,r,e,t){gform.addHook(\"filter\",o,r,e,t)},doAction:function(o){gform.doHook(\"action\",o,arguments)},applyFilters:function(o){return gform.doHook(\"filter\",o,arguments)},removeAction:function(o,r){gform.removeHook(\"action\",o,r)},removeFilter:function(o,r,e){gform.removeHook(\"filter\",o,r,e)},addHook:function(o,r,e,t,n){null==gform.hooks[o][r]&&(gform.hooks[o][r]=[]);var d=gform.hooks[o][r];null==n&&(n=r+\"_\"+d.length),gform.hooks[o][r].push({tag:n,callable:e,priority:t=null==t?10:t})},doHook:function(r,o,e){var t;if(e=Array.prototype.slice.call(e,1),null!=gform.hooks[r][o]&&((o=gform.hooks[r][o]).sort(function(o,r){return o.priority-r.priority}),o.forEach(function(o){\"function\"!=typeof(t=o.callable)&&(t=window[t]),\"action\"==r?t.apply(null,e):e[0]=t.apply(null,e)})),\"filter\"==r)return e[0]},removeHook:function(o,r,t,n){var e;null!=gform.hooks[o][r]&&(e=(e=gform.hooks[o][r]).filter(function(o,r,e){return!!(null!=n&&n!=o.tag||null!=t&&t!=o.priority)}),gform.hooks[o][r]=e)}});\n\/* ]]> *\/\n<\/script>\n\n                <div class='gf_browser_gecko gform_wrapper gravity-theme gform-theme--no-framework' data-form-theme='gravity-theme' data-form-index='0' id='gform_wrapper_1' >\n                        <div class='gform_heading'>\n                            <p class='gform_description'><\/p>\n\t\t\t\t\t\t\t<p class='gform_required_legend'><\/p>\n                        <\/div><form method='post' enctype='multipart\/form-data' target='gform_ajax_frame_1' id='gform_1'  action='\/de\/wp-json\/wp\/v2\/pages\/1563' data-formid='1' novalidate> \r\n <input type='hidden' class='gforms-pum' value='{\"closepopup\":false,\"closedelay\":0,\"openpopup\":false,\"openpopup_id\":0}' \/>\n                        <div class='gform-body gform_body'><div id='gform_fields_1' class='gform_fields row gx-2 top_label form_sublabel_above description_above validation_below'><fieldset id=\"field_1_1\" class=\"gfield mb-4 gfield--type-name gfield--input-type-name gfield_contains_required field_sublabel_above gfield--no-description field_description_above field_validation_below gfield_visibility_visible\"  ><legend class='gfield_label gform-field-label form-label fw-semibold small lh-sm d-block gfield_label_before_complex' >Name<span class=\"gfield_required\"><span class=\"gfield_required gfield_required_asterisk\">*<\/span><\/span><\/legend><div class='ginput_complex ginput_container ginput_container--name no_prefix has_first_name no_middle_name has_last_name no_suffix gf_name_has_2 ginput_container_name gform-grid-row row gx-2' id='input_1_1'>\n                            \n                            <span id='input_1_1_3_container' class='name_first gform-grid-col gform-grid-col--size-auto col-sm mb-2 mb-sm-0' >\n                                                    <label for='input_1_1_3' class='gform-field-label gform-field-label--type-sub fw-medium small lh-sm d-block '>First name<\/label>\n                                                    <input type='text' class='form-control' name='input_1.3' id='input_1_1_3' value=''   aria-required='true'    autocomplete=\"given-name\" \/>\n                                                <\/span>\n                            \n                            <span id='input_1_1_6_container' class='name_last gform-grid-col gform-grid-col--size-auto col-sm mb-2 mb-sm-0' >\n                                                            <label for='input_1_1_6' class='gform-field-label gform-field-label--type-sub fw-medium small lh-sm d-block '>Last name<\/label>\n                                                            <input type='text' class='form-control' name='input_1.6' id='input_1_1_6' value=''   aria-required='true'    autocomplete=\"family-name\" \/>\n                                                        <\/span>\n                            \n                        <\/div><\/fieldset><fieldset id=\"field_1_2\" class=\"gfield mb-4 gfield--type-email gfield--input-type-email gfield_contains_required field_sublabel_above gfield--no-description field_description_above field_validation_below gfield_visibility_visible\"  ><legend class='gfield_label gform-field-label form-label fw-semibold small lh-sm d-block' >Email<span class=\"gfield_required\"><span class=\"gfield_required gfield_required_asterisk\">*<\/span><\/span><\/legend><div class='ginput_complex ginput_container ginput_container_email gform-grid-row row gx-2' id='input_1_2_container'>\n                                <span id='input_1_2_1_container' class='ginput_left col-sm-6 gform-grid-col gform-grid-col--size-auto mb-2 mb-sm-0'>\n                                    <label for='input_1_2' class='gform-field-label gform-field-label--type-sub fw-medium small lh-sm d-block '>E-Mail eingeben<\/label>\n                                    <input class='form-control' type='email' name='input_2' id='input_1_2' value=''    aria-required=\"true\" aria-invalid=\"false\"  \/>\n                                <\/span>\n                                <span id='input_1_2_2_container' class='ginput_right col-sm-6 gform-grid-col gform-grid-col--size-auto mb-2 mb-sm-0'>\n                                    <label for='input_1_2_2' class='gform-field-label gform-field-label--type-sub fw-medium small lh-sm d-block '>E-Mail best\u00e4tigen<\/label>\n                                    <input class='form-control' type='email' name='input_2_2' id='input_1_2_2' value=''    aria-required=\"true\" aria-invalid=\"false\"  \/>\n                                <\/span>\n                                <div class='gf_clear gf_clear_complex'><\/div>\n                            <\/div><\/fieldset><div id=\"field_1_3\" class=\"gfield mb-4 gfield--type-textarea gfield--input-type-textarea gfield_contains_required field_sublabel_above gfield--no-description field_description_above field_validation_below gfield_visibility_visible\"  ><label class='gfield_label gform-field-label form-label fw-semibold small lh-sm d-block' for='input_1_3'>Message<span class=\"gfield_required\"><span class=\"gfield_required gfield_required_asterisk\">*<\/span><\/span><\/label><div class='ginput_container ginput_container_textarea'><textarea name='input_3' id='input_1_3' class='textarea form-control'   maxlength='600' placeholder='Your question \/ How can we help you?' aria-required=\"true\" aria-invalid=\"false\"   rows='4' cols='50'><\/textarea><\/div><\/div><div id=\"field_1_4\" class=\"gfield mb-4 gfield--type-captcha gfield--input-type-captcha gfield--width-full col-12 field_sublabel_above gfield--no-description field_description_above field_validation_below gfield_visibility_visible\"  ><label class='gfield_label gform-field-label form-label fw-semibold small lh-sm d-block' for='input_1_4'>CAPTCHA<\/label><div id='input_1_4' class='ginput_container ginput_recaptcha' data-sitekey='6LfMM4kpAAAAAOn2OtgbawcifNpbOPPWgq2tSk2q'  data-theme='light' data-tabindex='0'  data-badge=''><\/div><\/div><\/div><\/div>\n        <div class='gform-footer gform_footer top_label'> <input type='submit' id='gform_submit_button_1' class='gform_button btn btn-primary button' onclick='gform.submission.handleButtonClick(this);' data-submission-type='submit' value='Send'  \/> <input type='hidden' name='gform_ajax' value='form_id=1&amp;title=&amp;description=1&amp;tabindex=0&amp;theme=gravity-theme&amp;styles=[]&amp;hash=9b3e40e950cd12f7376f37194392b38e' \/>\n            <input type='hidden' class='gform_hidden' name='gform_submission_method' data-js='gform_submission_method_1' value='iframe' \/>\n            <input type='hidden' class='gform_hidden' name='gform_theme' data-js='gform_theme_1' id='gform_theme_1' value='gravity-theme' \/>\n            <input type='hidden' class='gform_hidden' name='gform_style_settings' data-js='gform_style_settings_1' id='gform_style_settings_1' value='[]' \/>\n            <input type='hidden' class='gform_hidden' name='is_submit_1' value='1' \/>\n            <input type='hidden' class='gform_hidden' name='gform_submit' value='1' \/>\n            \n            <input type='hidden' class='gform_hidden' name='gform_currency' data-currency='EUR' value='hPPCgp\/zCFyEKmUE0SjYXWchMvfm+pY9S042cVb4fXQk7hQ3v+2DAfkqePPoj0zXhBNamdtHx5I1XnvjpVLPGuVEd21tFFL2vhJj1K0uFs1Ku9c=' \/>\n            <input type='hidden' class='gform_hidden' name='gform_unique_id' value='' \/>\n            <input type='hidden' class='gform_hidden' name='state_1' value='WyJbXSIsIjI2NTNhMjRlMjdhMjUwNzc5YTUxMmIwZDEzMTY3NTA0Il0=' \/>\n            <input type='hidden' autocomplete='off' class='gform_hidden' name='gform_target_page_number_1' id='gform_target_page_number_1' value='0' \/>\n            <input type='hidden' autocomplete='off' class='gform_hidden' name='gform_source_page_number_1' id='gform_source_page_number_1' value='1' \/>\n            <input type='hidden' name='gform_field_values' value='' \/>\n            \n        <\/div>\n                        <p style=\"display: none !important;\" class=\"akismet-fields-container\" data-prefix=\"ak_\"><label>&#916;<textarea name=\"ak_hp_textarea\" cols=\"45\" rows=\"8\" maxlength=\"100\"><\/textarea><\/label><input type=\"hidden\" id=\"ak_js_1\" name=\"ak_js\" value=\"72\"\/><script>document.getElementById( \"ak_js_1\" ).setAttribute( \"value\", ( new Date() ).getTime() );<\/script><\/p><\/form>\n                        <\/div>\n\t\t                <iframe style='display:none;width:0px;height:0px;' src='about:blank' name='gform_ajax_frame_1' id='gform_ajax_frame_1' title='Dieser iframe enth\u00e4lt die erforderliche Logik um Gravity Forms Formulare mit AJAX zu handhaben.'><\/iframe>\n\t\t                <script type=\"text\/javascript\">\n\/* <![CDATA[ *\/\n gform.initializeOnLoaded( function() {gformInitSpinner( 1, 'data:image\/gif;base64,R0lGODlhAQABAIAAAAAAAP\/\/\/yH5BAEAAAAALAAAAAABAAEAAAIBRAA7', true );jQuery('#gform_ajax_frame_1').on('load',function(){var contents = jQuery(this).contents().find('*').html();var is_postback = contents.indexOf('GF_AJAX_POSTBACK') >= 0;if(!is_postback){return;}var form_content = jQuery(this).contents().find('#gform_wrapper_1');var is_confirmation = jQuery(this).contents().find('#gform_confirmation_wrapper_1').length > 0;var is_redirect = contents.indexOf('gformRedirect(){') >= 0;var is_form = form_content.length > 0 && ! is_redirect && ! is_confirmation;var mt = parseInt(jQuery('html').css('margin-top'), 10) + parseInt(jQuery('body').css('margin-top'), 10) + 100;if(is_form){jQuery('#gform_wrapper_1').html(form_content.html());if(form_content.hasClass('gform_validation_error')){jQuery('#gform_wrapper_1').addClass('gform_validation_error');} else {jQuery('#gform_wrapper_1').removeClass('gform_validation_error');}setTimeout( function() { \/* delay the scroll by 50 milliseconds to fix a bug in chrome *\/  }, 50 );if(window['gformInitDatepicker']) {gformInitDatepicker();}if(window['gformInitPriceFields']) {gformInitPriceFields();}var current_page = jQuery('#gform_source_page_number_1').val();gformInitSpinner( 1, 'data:image\/gif;base64,R0lGODlhAQABAIAAAAAAAP\/\/\/yH5BAEAAAAALAAAAAABAAEAAAIBRAA7', true );jQuery(document).trigger('gform_page_loaded', [1, current_page]);window['gf_submitting_1'] = false;}else if(!is_redirect){var confirmation_content = jQuery(this).contents().find('.GF_AJAX_POSTBACK').html();if(!confirmation_content){confirmation_content = contents;}jQuery('#gform_wrapper_1').replaceWith(confirmation_content);jQuery(document).trigger('gform_confirmation_loaded', [1]);window['gf_submitting_1'] = false;wp.a11y.speak(jQuery('#gform_confirmation_message_1').text());}else{jQuery('#gform_1').append(contents);if(window['gformRedirect']) {gformRedirect();}}jQuery(document).trigger(\"gform_pre_post_render\", [{ formId: \"1\", currentPage: \"current_page\", abort: function() { this.preventDefault(); } }]);        if (event && event.defaultPrevented) {                return;        }        const gformWrapperDiv = document.getElementById( \"gform_wrapper_1\" );        if ( gformWrapperDiv ) {            const visibilitySpan = document.createElement( \"span\" );            visibilitySpan.id = \"gform_visibility_test_1\";            gformWrapperDiv.insertAdjacentElement( \"afterend\", visibilitySpan );        }        const visibilityTestDiv = document.getElementById( \"gform_visibility_test_1\" );        let postRenderFired = false;        function triggerPostRender() {            if ( postRenderFired ) {                return;            }            postRenderFired = true;            gform.core.triggerPostRenderEvents( 1, current_page );            if ( visibilityTestDiv ) {                visibilityTestDiv.parentNode.removeChild( visibilityTestDiv );            }        }        function debounce( func, wait, immediate ) {            var timeout;            return function() {                var context = this, args = arguments;                var later = function() {                    timeout = null;                    if ( !immediate ) func.apply( context, args );                };                var callNow = immediate && !timeout;                clearTimeout( timeout );                timeout = setTimeout( later, wait );                if ( callNow ) func.apply( context, args );            };        }        const debouncedTriggerPostRender = debounce( function() {            triggerPostRender();        }, 200 );        if ( visibilityTestDiv && visibilityTestDiv.offsetParent === null ) {            const observer = new MutationObserver( ( mutations ) => {                mutations.forEach( ( mutation ) => {                    if ( mutation.type === 'attributes' && visibilityTestDiv.offsetParent !== null ) {                        debouncedTriggerPostRender();                        observer.disconnect();                    }                });            });            observer.observe( document.body, {                attributes: true,                childList: false,                subtree: true,                attributeFilter: [ 'style', 'class' ],            });        } else {            triggerPostRender();        }    } );} ); \n\/* ]]> *\/\n<\/script>\n<\/div>\n\t\t\t\t\t\t<\/div>\n\t\t\t\t<\/div>\n\t\t\t\t\t<\/div>\n\t\t\t\t<\/div>\n\t\t\t\t<\/div>\n\t\t","protected":false},"excerpt":{"rendered":"<p>Ihr Event im Cantueso Sie m\u00f6chten Ihren Geburtstag oder ein anderes besonderes Fest feiern? Wir w\u00fcrden uns freuen, Sie bei uns begr\u00fc\u00dfen zu d\u00fcrfen!<\/p>","protected":false},"author":1,"featured_media":0,"parent":1499,"menu_order":0,"comment_status":"closed","ping_status":"closed","template":"page-templates\/page-blank.php","meta":{"inline_featured_image":false,"footnotes":""},"class_list":["post-1563","page","type-page","status-publish","hentry"],"yoast_head":"<!-- This site is optimized with the Yoast SEO plugin v27.1.1 - https:\/\/yoast.com\/product\/yoast-seo-wordpress\/ -->\n<title>Your event at Cantueso - Cantueso Cottages<\/title>\n<meta name=\"robots\" content=\"index, follow, max-snippet:-1, max-image-preview:large, max-video-preview:-1\" \/>\n<link rel=\"canonical\" href=\"https:\/\/cantuesocottages.com\/de\/cottages\/events\/your-event-at-cantueso\/\" \/>\n<meta property=\"og:locale\" content=\"de_DE\" \/>\n<meta property=\"og:type\" content=\"article\" \/>\n<meta property=\"og:title\" content=\"Your event at Cantueso - Cantueso Cottages\" \/>\n<meta property=\"og:description\" content=\"Your event at Cantueso Would you like to celebrate your birthday or another special celebration? We would love to have you here!\" \/>\n<meta property=\"og:url\" content=\"https:\/\/cantuesocottages.com\/de\/cottages\/events\/your-event-at-cantueso\/\" \/>\n<meta property=\"og:site_name\" content=\"Cantueso Cottages\" \/>\n<meta property=\"article:modified_time\" content=\"2024-04-18T12:07:53+00:00\" \/>\n<meta name=\"twitter:card\" content=\"summary_large_image\" \/>\n<script type=\"application\/ld+json\" class=\"yoast-schema-graph\">{\"@context\":\"https:\/\/schema.org\",\"@graph\":[{\"@type\":\"WebPage\",\"@id\":\"https:\/\/cantuesocottages.com\/cottages\/events\/your-event-at-cantueso\/\",\"url\":\"https:\/\/cantuesocottages.com\/cottages\/events\/your-event-at-cantueso\/\",\"name\":\"Your event at Cantueso - Cantueso Cottages\",\"isPartOf\":{\"@id\":\"https:\/\/cantuesocottages.com\/#website\"},\"datePublished\":\"2024-04-18T12:06:20+00:00\",\"dateModified\":\"2024-04-18T12:07:53+00:00\",\"breadcrumb\":{\"@id\":\"https:\/\/cantuesocottages.com\/cottages\/events\/your-event-at-cantueso\/#breadcrumb\"},\"inLanguage\":\"de\",\"potentialAction\":[{\"@type\":\"ReadAction\",\"target\":[\"https:\/\/cantuesocottages.com\/cottages\/events\/your-event-at-cantueso\/\"]}]},{\"@type\":\"BreadcrumbList\",\"@id\":\"https:\/\/cantuesocottages.com\/cottages\/events\/your-event-at-cantueso\/#breadcrumb\",\"itemListElement\":[{\"@type\":\"ListItem\",\"position\":1,\"name\":\"Home\",\"item\":\"https:\/\/cantuesocottages.com\/\"},{\"@type\":\"ListItem\",\"position\":2,\"name\":\"Cottages\",\"item\":\"https:\/\/cantuesocottages.com\/cottages\/\"},{\"@type\":\"ListItem\",\"position\":3,\"name\":\"Events\",\"item\":\"https:\/\/cantuesocottages.com\/cottages\/events\/\"},{\"@type\":\"ListItem\",\"position\":4,\"name\":\"Your event at Cantueso\"}]},{\"@type\":\"WebSite\",\"@id\":\"https:\/\/cantuesocottages.com\/#website\",\"url\":\"https:\/\/cantuesocottages.com\/\",\"name\":\"Cantueso Cottages\",\"description\":\"Vacation rentals\",\"potentialAction\":[{\"@type\":\"SearchAction\",\"target\":{\"@type\":\"EntryPoint\",\"urlTemplate\":\"https:\/\/cantuesocottages.com\/?s={search_term_string}\"},\"query-input\":{\"@type\":\"PropertyValueSpecification\",\"valueRequired\":true,\"valueName\":\"search_term_string\"}}],\"inLanguage\":\"de\"}]}<\/script>\n<!-- \/ Yoast SEO plugin. -->","yoast_head_json":{"title":"Your event at Cantueso - Cantueso Cottages","robots":{"index":"index","follow":"follow","max-snippet":"max-snippet:-1","max-image-preview":"max-image-preview:large","max-video-preview":"max-video-preview:-1"},"canonical":"https:\/\/cantuesocottages.com\/de\/cottages\/events\/your-event-at-cantueso\/","og_locale":"de_DE","og_type":"article","og_title":"Your event at Cantueso - Cantueso Cottages","og_description":"Your event at Cantueso Would you like to celebrate your birthday or another special celebration? We would love to have you here!","og_url":"https:\/\/cantuesocottages.com\/de\/cottages\/events\/your-event-at-cantueso\/","og_site_name":"Cantueso Cottages","article_modified_time":"2024-04-18T12:07:53+00:00","twitter_card":"summary_large_image","schema":{"@context":"https:\/\/schema.org","@graph":[{"@type":"WebPage","@id":"https:\/\/cantuesocottages.com\/cottages\/events\/your-event-at-cantueso\/","url":"https:\/\/cantuesocottages.com\/cottages\/events\/your-event-at-cantueso\/","name":"Your event at Cantueso - Cantueso Cottages","isPartOf":{"@id":"https:\/\/cantuesocottages.com\/#website"},"datePublished":"2024-04-18T12:06:20+00:00","dateModified":"2024-04-18T12:07:53+00:00","breadcrumb":{"@id":"https:\/\/cantuesocottages.com\/cottages\/events\/your-event-at-cantueso\/#breadcrumb"},"inLanguage":"de","potentialAction":[{"@type":"ReadAction","target":["https:\/\/cantuesocottages.com\/cottages\/events\/your-event-at-cantueso\/"]}]},{"@type":"BreadcrumbList","@id":"https:\/\/cantuesocottages.com\/cottages\/events\/your-event-at-cantueso\/#breadcrumb","itemListElement":[{"@type":"ListItem","position":1,"name":"Home","item":"https:\/\/cantuesocottages.com\/"},{"@type":"ListItem","position":2,"name":"Cottages","item":"https:\/\/cantuesocottages.com\/cottages\/"},{"@type":"ListItem","position":3,"name":"Events","item":"https:\/\/cantuesocottages.com\/cottages\/events\/"},{"@type":"ListItem","position":4,"name":"Your event at Cantueso"}]},{"@type":"WebSite","@id":"https:\/\/cantuesocottages.com\/#website","url":"https:\/\/cantuesocottages.com\/","name":"Das Cantueso Cottages liegt 1,7 km vom Strand Cantueso entfernt und bietet Unterk\u00fcnfte mit einem Restaurant, kostenfreie Privatpark","description":"Ferienwohnung","potentialAction":[{"@type":"SearchAction","target":{"@type":"EntryPoint","urlTemplate":"https:\/\/cantuesocottages.com\/?s={search_term_string}"},"query-input":{"@type":"PropertyValueSpecification","valueRequired":true,"valueName":"search_term_string"}}],"inLanguage":"de"}]}},"_links":{"self":[{"href":"https:\/\/cantuesocottages.com\/de\/wp-json\/wp\/v2\/pages\/1563","targetHints":{"allow":["GET"]}}],"collection":[{"href":"https:\/\/cantuesocottages.com\/de\/wp-json\/wp\/v2\/pages"}],"about":[{"href":"https:\/\/cantuesocottages.com\/de\/wp-json\/wp\/v2\/types\/page"}],"author":[{"embeddable":true,"href":"https:\/\/cantuesocottages.com\/de\/wp-json\/wp\/v2\/users\/1"}],"replies":[{"embeddable":true,"href":"https:\/\/cantuesocottages.com\/de\/wp-json\/wp\/v2\/comments?post=1563"}],"version-history":[{"count":4,"href":"https:\/\/cantuesocottages.com\/de\/wp-json\/wp\/v2\/pages\/1563\/revisions"}],"predecessor-version":[{"id":1569,"href":"https:\/\/cantuesocottages.com\/de\/wp-json\/wp\/v2\/pages\/1563\/revisions\/1569"}],"up":[{"embeddable":true,"href":"https:\/\/cantuesocottages.com\/de\/wp-json\/wp\/v2\/pages\/1499"}],"wp:attachment":[{"href":"https:\/\/cantuesocottages.com\/de\/wp-json\/wp\/v2\/media?parent=1563"}],"curies":[{"name":"wp","href":"https:\/\/api.w.org\/{rel}","templated":true}]}}