{"id":157,"date":"2023-10-17T14:40:18","date_gmt":"2023-10-17T14:40:18","guid":{"rendered":"https:\/\/cantuesocottages.com\/?page_id=157"},"modified":"2024-04-17T11:33:16","modified_gmt":"2024-04-17T11:33:16","slug":"hosts-2","status":"publish","type":"page","link":"https:\/\/cantuesocottages.com\/de\/cottages\/hosts-2\/","title":{"rendered":"Gastgeber"},"content":{"rendered":"<div data-elementor-type=\"wp-page\" data-elementor-id=\"157\" class=\"elementor elementor-157\" data-elementor-post-type=\"page\">\n\t\t\t\t<div class=\"elementor-element elementor-element-42a03b2 e-flex e-con-boxed e-con e-parent\" data-id=\"42a03b2\" data-element_type=\"container\" data-e-type=\"container\" data-settings=\"{&quot;background_background&quot;:&quot;classic&quot;}\">\n\t\t\t\t\t<div class=\"e-con-inner\">\n\t\t\t\t<div class=\"elementor-element elementor-element-b6c61de elementor-widget elementor-widget-heading\" data-id=\"b6c61de\" data-element_type=\"widget\" data-e-type=\"widget\" data-widget_type=\"heading.default\">\n\t\t\t\t<div class=\"elementor-widget-container\">\n\t\t\t\t\t<h1 class=\"elementor-heading-title elementor-size-default\">Check-in mit Alba &amp; Sander<\/h1>\t\t\t\t<\/div>\n\t\t\t\t<\/div>\n\t\t\t\t\t<\/div>\n\t\t\t\t<\/div>\n\t\t<div class=\"elementor-element elementor-element-ebee0e0 e-flex e-con-boxed e-con e-parent\" data-id=\"ebee0e0\" data-element_type=\"container\" data-e-type=\"container\" data-settings=\"{&quot;background_background&quot;:&quot;classic&quot;}\">\n\t\t\t\t\t<div class=\"e-con-inner\">\n\t\t\t\t<div class=\"elementor-element elementor-element-d06eb42 elementor-widget elementor-widget-heading\" data-id=\"d06eb42\" data-element_type=\"widget\" data-e-type=\"widget\" data-widget_type=\"heading.default\">\n\t\t\t\t<div class=\"elementor-widget-container\">\n\t\t\t\t\t<h2 class=\"elementor-heading-title elementor-size-default\"><font style=\"vertical-align: inherit\"><font style=\"vertical-align: inherit\">Willkommen bei Cantueso Cottages &amp; Restaurant<\/font><\/font><font style=\"vertical-align: inherit\"><font style=\"vertical-align: inherit\">!<\/font><\/font><\/h2>\t\t\t\t<\/div>\n\t\t\t\t<\/div>\n\t\t\t\t<div class=\"elementor-element elementor-element-ab9c8dc lead elementor-widget elementor-widget-text-editor\" data-id=\"ab9c8dc\" data-element_type=\"widget\" data-e-type=\"widget\" data-widget_type=\"text-editor.default\">\n\t\t\t\t<div class=\"elementor-widget-container\">\n\t\t\t\t\t\t\t\t\t<div data-testid=\"richTextElement\"><p style=\"margin-top: 0cm; background-image: initial; background-position: initial; background-size: initial; background-repeat: initial; background-attachment: initial; background-origin: initial; background-clip: initial;\" align=\"center\"><span style=\"font-size: 1.25rem; background-color: var( --e-global-color-dcd18d0 );\">Wir sind Alba und Sander, die stolzen neuen Manager von Cantueso. Es war Liebe auf den ersten Blick, als wir diesen wundersch\u00f6nen Park sahen. Seit wir Anfang 2023 die Schl\u00fcssel bekommen haben, haben wir die Cottages, den Garten und das Restaurant kontinuierlich verbessert.<\/span><\/p><p>Unser Fokus lag auf der Schaffung einer (familien-)freundlichen Atmosph\u00e4re, in der wir auf die Bed\u00fcrfnisse jedes Reisenden eingehen. Obwohl unsere Ferienh\u00e4user autark sind, bieten wir den Komfort eines Restaurants vor Ort.<\/p><p>Wir sind t\u00e4glich bem\u00fcht, unseren Kunden einen angenehmen Aufenthalt zu bereiten. Auf W\u00fcnsche und Fragen reagieren wir zeitnah.<\/p><p>Wir tun alles, um Ihnen ein unvergessliches und sch\u00f6nes Erlebnis zu bieten!<\/p><\/div>\t\t\t\t\t\t\t\t<\/div>\n\t\t\t\t<\/div>\n\t\t\t\t<div class=\"elementor-element elementor-element-1f8631f elementor-widget elementor-widget-heading\" data-id=\"1f8631f\" data-element_type=\"widget\" data-e-type=\"widget\" data-widget_type=\"heading.default\">\n\t\t\t\t<div class=\"elementor-widget-container\">\n\t\t\t\t\t<h2 class=\"elementor-heading-title elementor-size-default\"><font style=\"vertical-align: inherit\"><font style=\"vertical-align: inherit\" class=\"VIpgJd-yAWNEb-VIpgJd-fmcmS-sn54Q\"><font style=\"vertical-align: inherit\"><font style=\"vertical-align: inherit\">Sie haben Fragen? Kontaktieren Sie uns gerne!\n<br>Sander &amp;<\/font><\/font><\/font><\/font><font style=\"vertical-align: inherit\"><font style=\"vertical-align: inherit\"> Alba<\/font><\/font><font style=\"vertical-align: inherit\"><font style=\"vertical-align: inherit\" class=\"VIpgJd-yAWNEb-VIpgJd-fmcmS-sn54Q\"><font style=\"vertical-align: inherit\"><\/font><\/font><\/font><font style=\"vertical-align: inherit\"><\/font><\/h2>\t\t\t\t<\/div>\n\t\t\t\t<\/div>\n\t\t\t\t<div class=\"elementor-element elementor-element-a3768f2 elementor-align-center elementor-widget elementor-widget-button\" data-id=\"a3768f2\" data-element_type=\"widget\" data-e-type=\"widget\" data-widget_type=\"button.default\">\n\t\t\t\t<div class=\"elementor-widget-container\">\n\t\t\t\t\t\t\t\t\t<div class=\"elementor-button-wrapper\">\n\t\t\t\t\t<a class=\"elementor-button elementor-button-link elementor-size-sm\" href=\"https:\/\/cantuesocottages.webroots.nl\/cottages\/contact-cottages\/\">\n\t\t\t\t\t\t<span class=\"elementor-button-content-wrapper\">\n\t\t\t\t\t\t\t\t\t<span class=\"elementor-button-text\">Kontakt mit Alba &amp; Sander<\/span>\n\t\t\t\t\t<\/span>\n\t\t\t\t\t<\/a>\n\t\t\t\t<\/div>\n\t\t\t\t\t\t\t\t<\/div>\n\t\t\t\t<\/div>\n\t\t\t\t\t<\/div>\n\t\t\t\t<\/div>\n\t\t\t\t<\/div>","protected":false},"excerpt":{"rendered":"<p>Check-in with Alba &#038; Sander Welcome to Cantueso Cottages &amp; Restaurant! We are Alba and Sander, the proud new managers of Cantueso. It was love at first sight when we saw this beautiful park. Since we got the keys in early 2023, we have made continuous improvements to the cottages, garden and restaurant. Our focus [&hellip;]<\/p>\n","protected":false},"author":1,"featured_media":0,"parent":107,"menu_order":0,"comment_status":"closed","ping_status":"closed","template":"page-templates\/page-blank.php","meta":{"inline_featured_image":false,"footnotes":""},"class_list":["post-157","page","type-page","status-publish","hentry"],"yoast_head":"<!-- This site is optimized with the Yoast SEO plugin v27.1.1 - https:\/\/yoast.com\/product\/yoast-seo-wordpress\/ -->\n<title>Hosts - Cantueso Cottages<\/title>\n<meta name=\"robots\" content=\"index, follow, max-snippet:-1, max-image-preview:large, max-video-preview:-1\" \/>\n<link rel=\"canonical\" href=\"https:\/\/cantuesocottages.com\/de\/cottages\/hosts-2\/\" \/>\n<meta property=\"og:locale\" content=\"de_DE\" \/>\n<meta property=\"og:type\" content=\"article\" \/>\n<meta property=\"og:title\" content=\"Hosts - Cantueso Cottages\" \/>\n<meta property=\"og:description\" content=\"Check-in with Alba &#038; Sander Welcome to Cantueso Cottages &amp; Restaurant! We are Alba and Sander, the proud new managers of Cantueso. It was love at first sight when we saw this beautiful park. Since we got the keys in early 2023, we have made continuous improvements to the cottages, garden and restaurant. Our focus [&hellip;]\" \/>\n<meta property=\"og:url\" content=\"https:\/\/cantuesocottages.com\/de\/cottages\/hosts-2\/\" \/>\n<meta property=\"og:site_name\" content=\"Cantueso Cottages\" \/>\n<meta property=\"article:modified_time\" content=\"2024-04-17T11:33:16+00:00\" \/>\n<meta name=\"twitter:card\" content=\"summary_large_image\" \/>\n<meta name=\"twitter:label1\" content=\"Gesch\u00e4tzte Lesezeit\" \/>\n\t<meta name=\"twitter:data1\" content=\"1\u00a0Minute\" \/>\n<script type=\"application\/ld+json\" class=\"yoast-schema-graph\">{\"@context\":\"https:\/\/schema.org\",\"@graph\":[{\"@type\":\"WebPage\",\"@id\":\"https:\/\/cantuesocottages.com\/cottages\/hosts-2\/\",\"url\":\"https:\/\/cantuesocottages.com\/cottages\/hosts-2\/\",\"name\":\"Hosts - Cantueso Cottages\",\"isPartOf\":{\"@id\":\"https:\/\/cantuesocottages.com\/#website\"},\"datePublished\":\"2023-10-17T14:40:18+00:00\",\"dateModified\":\"2024-04-17T11:33:16+00:00\",\"breadcrumb\":{\"@id\":\"https:\/\/cantuesocottages.com\/cottages\/hosts-2\/#breadcrumb\"},\"inLanguage\":\"de\",\"potentialAction\":[{\"@type\":\"ReadAction\",\"target\":[\"https:\/\/cantuesocottages.com\/cottages\/hosts-2\/\"]}]},{\"@type\":\"BreadcrumbList\",\"@id\":\"https:\/\/cantuesocottages.com\/cottages\/hosts-2\/#breadcrumb\",\"itemListElement\":[{\"@type\":\"ListItem\",\"position\":1,\"name\":\"Home\",\"item\":\"https:\/\/cantuesocottages.com\/\"},{\"@type\":\"ListItem\",\"position\":2,\"name\":\"Cottages\",\"item\":\"https:\/\/cantuesocottages.com\/cottages\/\"},{\"@type\":\"ListItem\",\"position\":3,\"name\":\"Hosts\"}]},{\"@type\":\"WebSite\",\"@id\":\"https:\/\/cantuesocottages.com\/#website\",\"url\":\"https:\/\/cantuesocottages.com\/\",\"name\":\"Cantueso Cottages\",\"description\":\"Vacation rentals\",\"potentialAction\":[{\"@type\":\"SearchAction\",\"target\":{\"@type\":\"EntryPoint\",\"urlTemplate\":\"https:\/\/cantuesocottages.com\/?s={search_term_string}\"},\"query-input\":{\"@type\":\"PropertyValueSpecification\",\"valueRequired\":true,\"valueName\":\"search_term_string\"}}],\"inLanguage\":\"de\"}]}<\/script>\n<!-- \/ Yoast SEO plugin. -->","yoast_head_json":{"title":"Hosts - Cantueso Cottages","robots":{"index":"index","follow":"follow","max-snippet":"max-snippet:-1","max-image-preview":"max-image-preview:large","max-video-preview":"max-video-preview:-1"},"canonical":"https:\/\/cantuesocottages.com\/de\/cottages\/hosts-2\/","og_locale":"de_DE","og_type":"article","og_title":"Hosts - Cantueso Cottages","og_description":"Check-in with Alba &#038; Sander Welcome to Cantueso Cottages &amp; Restaurant! We are Alba and Sander, the proud new managers of Cantueso. It was love at first sight when we saw this beautiful park. Since we got the keys in early 2023, we have made continuous improvements to the cottages, garden and restaurant. Our focus [&hellip;]","og_url":"https:\/\/cantuesocottages.com\/de\/cottages\/hosts-2\/","og_site_name":"Cantueso Cottages","article_modified_time":"2024-04-17T11:33:16+00:00","twitter_card":"summary_large_image","twitter_misc":{"Gesch\u00e4tzte Lesezeit":"1\u00a0Minute"},"schema":{"@context":"https:\/\/schema.org","@graph":[{"@type":"WebPage","@id":"https:\/\/cantuesocottages.com\/cottages\/hosts-2\/","url":"https:\/\/cantuesocottages.com\/cottages\/hosts-2\/","name":"Hosts - Cantueso Cottages","isPartOf":{"@id":"https:\/\/cantuesocottages.com\/#website"},"datePublished":"2023-10-17T14:40:18+00:00","dateModified":"2024-04-17T11:33:16+00:00","breadcrumb":{"@id":"https:\/\/cantuesocottages.com\/cottages\/hosts-2\/#breadcrumb"},"inLanguage":"de","potentialAction":[{"@type":"ReadAction","target":["https:\/\/cantuesocottages.com\/cottages\/hosts-2\/"]}]},{"@type":"BreadcrumbList","@id":"https:\/\/cantuesocottages.com\/cottages\/hosts-2\/#breadcrumb","itemListElement":[{"@type":"ListItem","position":1,"name":"Home","item":"https:\/\/cantuesocottages.com\/"},{"@type":"ListItem","position":2,"name":"Cottages","item":"https:\/\/cantuesocottages.com\/cottages\/"},{"@type":"ListItem","position":3,"name":"Hosts"}]},{"@type":"WebSite","@id":"https:\/\/cantuesocottages.com\/#website","url":"https:\/\/cantuesocottages.com\/","name":"Das Cantueso Cottages liegt 1,7 km vom Strand Cantueso entfernt und bietet Unterk\u00fcnfte mit einem Restaurant, kostenfreie Privatpark","description":"Ferienwohnung","potentialAction":[{"@type":"SearchAction","target":{"@type":"EntryPoint","urlTemplate":"https:\/\/cantuesocottages.com\/?s={search_term_string}"},"query-input":{"@type":"PropertyValueSpecification","valueRequired":true,"valueName":"search_term_string"}}],"inLanguage":"de"}]}},"_links":{"self":[{"href":"https:\/\/cantuesocottages.com\/de\/wp-json\/wp\/v2\/pages\/157","targetHints":{"allow":["GET"]}}],"collection":[{"href":"https:\/\/cantuesocottages.com\/de\/wp-json\/wp\/v2\/pages"}],"about":[{"href":"https:\/\/cantuesocottages.com\/de\/wp-json\/wp\/v2\/types\/page"}],"author":[{"embeddable":true,"href":"https:\/\/cantuesocottages.com\/de\/wp-json\/wp\/v2\/users\/1"}],"replies":[{"embeddable":true,"href":"https:\/\/cantuesocottages.com\/de\/wp-json\/wp\/v2\/comments?post=157"}],"version-history":[{"count":46,"href":"https:\/\/cantuesocottages.com\/de\/wp-json\/wp\/v2\/pages\/157\/revisions"}],"predecessor-version":[{"id":1539,"href":"https:\/\/cantuesocottages.com\/de\/wp-json\/wp\/v2\/pages\/157\/revisions\/1539"}],"up":[{"embeddable":true,"href":"https:\/\/cantuesocottages.com\/de\/wp-json\/wp\/v2\/pages\/107"}],"wp:attachment":[{"href":"https:\/\/cantuesocottages.com\/de\/wp-json\/wp\/v2\/media?parent=157"}],"curies":[{"name":"wp","href":"https:\/\/api.w.org\/{rel}","templated":true}]}}