{"id":460,"date":"2024-01-24T20:55:47","date_gmt":"2024-01-24T20:55:47","guid":{"rendered":"https:\/\/cantuesocottages.com\/?page_id=460"},"modified":"2025-08-27T14:20:27","modified_gmt":"2025-08-27T14:20:27","slug":"our-story","status":"publish","type":"page","link":"https:\/\/cantuesocottages.com\/de\/restaurant\/our-story\/","title":{"rendered":"Unsere Geschichte"},"content":{"rendered":"<div data-elementor-type=\"wp-page\" data-elementor-id=\"460\" class=\"elementor elementor-460\" data-elementor-post-type=\"page\">\n\t\t\t\t<div class=\"elementor-element elementor-element-021a1af e-flex e-con-boxed e-con e-parent\" data-id=\"021a1af\" data-element_type=\"container\" data-e-type=\"container\" data-settings=\"{&quot;background_background&quot;:&quot;classic&quot;}\">\n\t\t\t\t\t<div class=\"e-con-inner\">\n\t\t\t\t\t<\/div>\n\t\t\t\t<\/div>\n\t\t<div class=\"elementor-element elementor-element-596277e e-flex e-con-boxed e-con e-parent\" data-id=\"596277e\" data-element_type=\"container\" data-e-type=\"container\" data-settings=\"{&quot;background_background&quot;:&quot;classic&quot;}\">\n\t\t\t\t\t<div class=\"e-con-inner\">\n\t\t\t\t<div class=\"elementor-element elementor-element-6dd1608 elementor-widget elementor-widget-heading\" data-id=\"6dd1608\" data-element_type=\"widget\" data-e-type=\"widget\" data-widget_type=\"heading.default\">\n\t\t\t\t<div class=\"elementor-widget-container\">\n\t\t\t\t\t<h2 class=\"elementor-heading-title elementor-size-default\">Willkommen im Restaurant Cantueso!<\/h2>\t\t\t\t<\/div>\n\t\t\t\t<\/div>\n\t\t\t\t<div class=\"elementor-element elementor-element-e6cda25 lead elementor-widget elementor-widget-text-editor\" data-id=\"e6cda25\" data-element_type=\"widget\" data-e-type=\"widget\" data-widget_type=\"text-editor.default\">\n\t\t\t\t<div class=\"elementor-widget-container\">\n\t\t\t\t\t\t\t\t\t<div data-testid=\"richTextElement\"><p>Unser Restaurant liegt inmitten der landschaftlichen Sch\u00f6nheit\u00a0<span style=\"font-size: 1.25rem;\">der Axarqu\u00eda und bietet ein einzigartiges kulinarisches Erlebnis.<\/span><\/p><p>Alle Gerichte werden mit den frischesten Zutaten aus der Region zubereitet. Unsere gastfreundliche Atmosph\u00e4re schafft die Grundlage f\u00fcr unvergessliche Momente.<\/p><p>Kommen Sie zu uns, lehnen Sie sich zur\u00fcck, entspannen Sie sich und genie\u00dfen Sie die atemberaubende Aussicht. Begleiten Sie uns auf einer kulinarischen Reise, bei der lokale Aromen und unvergessliche Aussichten zusammenkommen.<\/p><\/div>\t\t\t\t\t\t\t\t<\/div>\n\t\t\t\t<\/div>\n\t\t\t\t<div class=\"elementor-element elementor-element-795bcd0 elementor-widget elementor-widget-heading\" data-id=\"795bcd0\" data-element_type=\"widget\" data-e-type=\"widget\" data-widget_type=\"heading.default\">\n\t\t\t\t<div class=\"elementor-widget-container\">\n\t\t\t\t\t<h2 class=\"elementor-heading-title elementor-size-default\">Unser Team:<\/h2>\t\t\t\t<\/div>\n\t\t\t\t<\/div>\n\t\t\t\t<div class=\"elementor-element elementor-element-b6d0c40 elementor-widget elementor-widget-heading\" data-id=\"b6d0c40\" data-element_type=\"widget\" data-e-type=\"widget\" data-widget_type=\"heading.default\">\n\t\t\t\t<div class=\"elementor-widget-container\">\n\t\t\t\t\t<h2 class=\"elementor-heading-title elementor-size-default\">Sie m\u00f6chten mehr erfahren? Sprechen Sie uns an!<br><\/h2>\t\t\t\t<\/div>\n\t\t\t\t<\/div>\n\t\t\t\t<div class=\"elementor-element elementor-element-dda707c elementor-align-center elementor-widget elementor-widget-button\" data-id=\"dda707c\" data-element_type=\"widget\" data-e-type=\"widget\" data-widget_type=\"button.default\">\n\t\t\t\t<div class=\"elementor-widget-container\">\n\t\t\t\t\t\t\t\t\t<div class=\"elementor-button-wrapper\">\n\t\t\t\t\t<a class=\"elementor-button elementor-button-link elementor-size-sm\" href=\"https:\/\/cantuesocottages.webroots.nl\/restaurant\/contact\/\">\n\t\t\t\t\t\t<span class=\"elementor-button-content-wrapper\">\n\t\t\t\t\t\t\t\t\t<span class=\"elementor-button-text\">Rede mit uns!<\/span>\n\t\t\t\t\t<\/span>\n\t\t\t\t\t<\/a>\n\t\t\t\t<\/div>\n\t\t\t\t\t\t\t\t<\/div>\n\t\t\t\t<\/div>\n\t\t\t\t<div class=\"elementor-element elementor-element-b3b158a lead elementor-widget elementor-widget-text-editor\" data-id=\"b3b158a\" data-element_type=\"widget\" data-e-type=\"widget\" data-widget_type=\"text-editor.default\">\n\t\t\t\t<div class=\"elementor-widget-container\">\n\t\t\t\t\t\t\t\t\t<p>Unsere K\u00f6chin Visi hat in mehreren Restaurants in ganz Andalusien gearbeitet. Sie liebt die Gerichte unserer Region. Sie ist eine Meisterin darin, regionale Gerichte zu kombinieren und ihnen ihre eigene moderne Note zu verleihen. Als Kind wollte sie Kunst studieren, wir halten sie f\u00fcr eine echte K\u00fcnstlerin!<\/p><p>\u00a0<span style=\"font-size: 1.25rem;\">Visis rechte Hand in der K\u00fcche hei\u00dft Damy. Er arbeitete in den Niederlanden als Koch und kam f\u00fcr einen Urlaub nach Periana. Er verliebte sich in unser Dorf und das Restaurant Cantueso, sodass die Entscheidung, in unserer K\u00fcche zu arbeiten, leicht fiel!<\/span><\/p><p><span style=\"font-size: 1.25rem;\">Edu ist ein erfahrener Kellner, der alles \u00fcber die Gastronomie unserer Region wei\u00df. Er liebt gutes Essen und teilt seine Leidenschaft gerne mit unseren G\u00e4sten!<\/span><\/p><p>\u00a0<\/p>\t\t\t\t\t\t\t\t<\/div>\n\t\t\t\t<\/div>\n\t\t\t\t\t<\/div>\n\t\t\t\t<\/div>\n\t\t\t\t<\/div>","protected":false},"excerpt":{"rendered":"<p>Welcome to Cantueso Restaurant! Our restaurant is located amidst the scenic beauty\u00a0of the Axarqu\u00eda and offers a unique dining experience. All dishes are prepared with the freshest local ingredients. Our hospitable atmosphere sets the stage for unforgettable moments. Come join us and sit back, relax and enjoy the breathtaking view. Join us on a culinary [&hellip;]<\/p>\n","protected":false},"author":1,"featured_media":0,"parent":19,"menu_order":17,"comment_status":"closed","ping_status":"closed","template":"page-templates\/page-blank.php","meta":{"inline_featured_image":false,"footnotes":""},"class_list":["post-460","page","type-page","status-publish","hentry"],"yoast_head":"<!-- This site is optimized with the Yoast SEO plugin v27.1.1 - https:\/\/yoast.com\/product\/yoast-seo-wordpress\/ -->\n<title>Our Story - Cantueso Cottages<\/title>\n<meta name=\"robots\" content=\"index, follow, max-snippet:-1, max-image-preview:large, max-video-preview:-1\" \/>\n<link rel=\"canonical\" href=\"https:\/\/cantuesocottages.com\/de\/restaurant\/our-story\/\" \/>\n<meta property=\"og:locale\" content=\"de_DE\" \/>\n<meta property=\"og:type\" content=\"article\" \/>\n<meta property=\"og:title\" content=\"Our Story - Cantueso Cottages\" \/>\n<meta property=\"og:description\" content=\"Welcome to Cantueso Restaurant! Our restaurant is located amidst the scenic beauty\u00a0of the Axarqu\u00eda and offers a unique dining experience. All dishes are prepared with the freshest local ingredients. Our hospitable atmosphere sets the stage for unforgettable moments. Come join us and sit back, relax and enjoy the breathtaking view. Join us on a culinary [&hellip;]\" \/>\n<meta property=\"og:url\" content=\"https:\/\/cantuesocottages.com\/de\/restaurant\/our-story\/\" \/>\n<meta property=\"og:site_name\" content=\"Cantueso Cottages\" \/>\n<meta property=\"article:modified_time\" content=\"2025-08-27T14:20:27+00:00\" \/>\n<meta name=\"twitter:card\" content=\"summary_large_image\" \/>\n<meta name=\"twitter:label1\" content=\"Gesch\u00e4tzte Lesezeit\" \/>\n\t<meta name=\"twitter:data1\" content=\"1\u00a0Minute\" \/>\n<script type=\"application\/ld+json\" class=\"yoast-schema-graph\">{\"@context\":\"https:\/\/schema.org\",\"@graph\":[{\"@type\":\"WebPage\",\"@id\":\"https:\/\/cantuesocottages.com\/restaurant\/our-story\/\",\"url\":\"https:\/\/cantuesocottages.com\/restaurant\/our-story\/\",\"name\":\"Our Story - Cantueso Cottages\",\"isPartOf\":{\"@id\":\"https:\/\/cantuesocottages.com\/#website\"},\"datePublished\":\"2024-01-24T20:55:47+00:00\",\"dateModified\":\"2025-08-27T14:20:27+00:00\",\"breadcrumb\":{\"@id\":\"https:\/\/cantuesocottages.com\/restaurant\/our-story\/#breadcrumb\"},\"inLanguage\":\"de\",\"potentialAction\":[{\"@type\":\"ReadAction\",\"target\":[\"https:\/\/cantuesocottages.com\/restaurant\/our-story\/\"]}]},{\"@type\":\"BreadcrumbList\",\"@id\":\"https:\/\/cantuesocottages.com\/restaurant\/our-story\/#breadcrumb\",\"itemListElement\":[{\"@type\":\"ListItem\",\"position\":1,\"name\":\"Home\",\"item\":\"https:\/\/cantuesocottages.com\/\"},{\"@type\":\"ListItem\",\"position\":2,\"name\":\"Restaurant\",\"item\":\"https:\/\/cantuesocottages.com\/restaurant\/\"},{\"@type\":\"ListItem\",\"position\":3,\"name\":\"Our Story\"}]},{\"@type\":\"WebSite\",\"@id\":\"https:\/\/cantuesocottages.com\/#website\",\"url\":\"https:\/\/cantuesocottages.com\/\",\"name\":\"Cantueso Cottages\",\"description\":\"Vacation rentals\",\"potentialAction\":[{\"@type\":\"SearchAction\",\"target\":{\"@type\":\"EntryPoint\",\"urlTemplate\":\"https:\/\/cantuesocottages.com\/?s={search_term_string}\"},\"query-input\":{\"@type\":\"PropertyValueSpecification\",\"valueRequired\":true,\"valueName\":\"search_term_string\"}}],\"inLanguage\":\"de\"}]}<\/script>\n<!-- \/ Yoast SEO plugin. -->","yoast_head_json":{"title":"Our Story - Cantueso Cottages","robots":{"index":"index","follow":"follow","max-snippet":"max-snippet:-1","max-image-preview":"max-image-preview:large","max-video-preview":"max-video-preview:-1"},"canonical":"https:\/\/cantuesocottages.com\/de\/restaurant\/our-story\/","og_locale":"de_DE","og_type":"article","og_title":"Our Story - Cantueso Cottages","og_description":"Welcome to Cantueso Restaurant! Our restaurant is located amidst the scenic beauty\u00a0of the Axarqu\u00eda and offers a unique dining experience. All dishes are prepared with the freshest local ingredients. Our hospitable atmosphere sets the stage for unforgettable moments. Come join us and sit back, relax and enjoy the breathtaking view. Join us on a culinary [&hellip;]","og_url":"https:\/\/cantuesocottages.com\/de\/restaurant\/our-story\/","og_site_name":"Cantueso Cottages","article_modified_time":"2025-08-27T14:20:27+00:00","twitter_card":"summary_large_image","twitter_misc":{"Gesch\u00e4tzte Lesezeit":"1\u00a0Minute"},"schema":{"@context":"https:\/\/schema.org","@graph":[{"@type":"WebPage","@id":"https:\/\/cantuesocottages.com\/restaurant\/our-story\/","url":"https:\/\/cantuesocottages.com\/restaurant\/our-story\/","name":"Our Story - Cantueso Cottages","isPartOf":{"@id":"https:\/\/cantuesocottages.com\/#website"},"datePublished":"2024-01-24T20:55:47+00:00","dateModified":"2025-08-27T14:20:27+00:00","breadcrumb":{"@id":"https:\/\/cantuesocottages.com\/restaurant\/our-story\/#breadcrumb"},"inLanguage":"de","potentialAction":[{"@type":"ReadAction","target":["https:\/\/cantuesocottages.com\/restaurant\/our-story\/"]}]},{"@type":"BreadcrumbList","@id":"https:\/\/cantuesocottages.com\/restaurant\/our-story\/#breadcrumb","itemListElement":[{"@type":"ListItem","position":1,"name":"Home","item":"https:\/\/cantuesocottages.com\/"},{"@type":"ListItem","position":2,"name":"Restaurant","item":"https:\/\/cantuesocottages.com\/restaurant\/"},{"@type":"ListItem","position":3,"name":"Our Story"}]},{"@type":"WebSite","@id":"https:\/\/cantuesocottages.com\/#website","url":"https:\/\/cantuesocottages.com\/","name":"Das Cantueso Cottages liegt 1,7 km vom Strand Cantueso entfernt und bietet Unterk\u00fcnfte mit einem Restaurant, kostenfreie Privatpark","description":"Ferienwohnung","potentialAction":[{"@type":"SearchAction","target":{"@type":"EntryPoint","urlTemplate":"https:\/\/cantuesocottages.com\/?s={search_term_string}"},"query-input":{"@type":"PropertyValueSpecification","valueRequired":true,"valueName":"search_term_string"}}],"inLanguage":"de"}]}},"_links":{"self":[{"href":"https:\/\/cantuesocottages.com\/de\/wp-json\/wp\/v2\/pages\/460","targetHints":{"allow":["GET"]}}],"collection":[{"href":"https:\/\/cantuesocottages.com\/de\/wp-json\/wp\/v2\/pages"}],"about":[{"href":"https:\/\/cantuesocottages.com\/de\/wp-json\/wp\/v2\/types\/page"}],"author":[{"embeddable":true,"href":"https:\/\/cantuesocottages.com\/de\/wp-json\/wp\/v2\/users\/1"}],"replies":[{"embeddable":true,"href":"https:\/\/cantuesocottages.com\/de\/wp-json\/wp\/v2\/comments?post=460"}],"version-history":[{"count":76,"href":"https:\/\/cantuesocottages.com\/de\/wp-json\/wp\/v2\/pages\/460\/revisions"}],"predecessor-version":[{"id":4582,"href":"https:\/\/cantuesocottages.com\/de\/wp-json\/wp\/v2\/pages\/460\/revisions\/4582"}],"up":[{"embeddable":true,"href":"https:\/\/cantuesocottages.com\/de\/wp-json\/wp\/v2\/pages\/19"}],"wp:attachment":[{"href":"https:\/\/cantuesocottages.com\/de\/wp-json\/wp\/v2\/media?parent=460"}],"curies":[{"name":"wp","href":"https:\/\/api.w.org\/{rel}","templated":true}]}}